{"id":2449,"date":"2022-08-01T13:58:18","date_gmt":"2022-08-01T13:58:18","guid":{"rendered":"https:\/\/www.raphaeldantz.com?post_type=product&#038;p=2449"},"modified":"2025-04-25T12:49:41","modified_gmt":"2025-04-25T12:49:41","slug":"boucle-doreille-jeanne","status":"publish","type":"product","link":"https:\/\/www.raphaeldantz.com\/en\/product\/boucle-doreille-jeanne\/","title":{"rendered":"Single Earring Jeanne"},"content":{"rendered":"","protected":false},"excerpt":{"rendered":"[big]Or 18k et diamants[\/big]\n<p>Nouveaut\u00e9 de la collection, Le mini solitaire Jeanne saura habiller votre oreille avec d\u00e9licatesse. Cette boucle d&#8217;oreille unique, en or blanc 18k pav\u00e9e de diamants sur un c\u00f4t\u00e9 est le bijou essentiel \u00e0 personnaliser pour le rendre unique.<\/p>\n<p>Fabriqu\u00e9 \u00e0 la main dans notre atelier de Cannes<\/p>\n<p>&nbsp;<\/p>\n","protected":false},"featured_media":2443,"template":"","meta":{"_acf_changed":false},"product_brand":[],"product_cat":[131],"product_tag":[],"class_list":{"0":"post-2449","1":"product","2":"type-product","3":"status-publish","4":"has-post-thumbnail","6":"collection-collection-eakan-en","7":"product_cat-single-earrings","9":"first","10":"instock","11":"taxable","12":"shipping-taxable","13":"purchasable","14":"product-type-variable"},"acf":[],"yoast_head":"<!-- This site is optimized with the Yoast SEO plugin v27.3 - https:\/\/yoast.com\/product\/yoast-seo-wordpress\/ -->\n<title>Single Earring Jeanne &#8212; Raphael Dantz<\/title>\n<meta name=\"robots\" content=\"index, follow, max-snippet:-1, max-image-preview:large, max-video-preview:-1\" \/>\n<link rel=\"canonical\" href=\"https:\/\/www.raphaeldantz.com\/en\/product\/boucle-doreille-jeanne\/\" \/>\n<meta property=\"og:locale\" content=\"en_US\" \/>\n<meta property=\"og:type\" content=\"article\" \/>\n<meta property=\"og:title\" content=\"Single Earring Jeanne &#8212; Raphael Dantz\" \/>\n<meta property=\"og:description\" content=\"Nouveaut\u00e9 de la collection, Le mini solitaire Jeanne saura habiller votre oreille avec d\u00e9licatesse. Cette boucle d&#039;oreille unique, en or blanc 18k pav\u00e9e de diamants sur un c\u00f4t\u00e9 est le bijou essentiel \u00e0 personnaliser pour le rendre unique.  Fabriqu\u00e9 \u00e0 la main dans notre atelier de Cannes  &nbsp;\" \/>\n<meta property=\"og:url\" content=\"https:\/\/www.raphaeldantz.com\/en\/product\/boucle-doreille-jeanne\/\" \/>\n<meta property=\"og:site_name\" content=\"Raphael Dantz\" \/>\n<meta property=\"article:modified_time\" content=\"2025-04-25T12:49:41+00:00\" \/>\n<meta property=\"og:image\" content=\"https:\/\/static.raphaeldantz.com\/wp-content\/uploads\/2022\/08\/EAKAN_Boucle_JEANNE_-or-blanc-diamants-930.jpg\" \/>\n\t<meta property=\"og:image:width\" content=\"930\" \/>\n\t<meta property=\"og:image:height\" content=\"1200\" \/>\n\t<meta property=\"og:image:type\" content=\"image\/jpeg\" \/>\n<meta name=\"twitter:card\" content=\"summary_large_image\" \/>\n<script type=\"application\/ld+json\" class=\"yoast-schema-graph\">{\"@context\":\"https:\\\/\\\/schema.org\",\"@graph\":[{\"@type\":\"WebPage\",\"@id\":\"https:\\\/\\\/www.raphaeldantz.com\\\/en\\\/product\\\/boucle-doreille-jeanne\\\/\",\"url\":\"https:\\\/\\\/www.raphaeldantz.com\\\/en\\\/product\\\/boucle-doreille-jeanne\\\/\",\"name\":\"Single Earring Jeanne &#8212; Raphael Dantz\",\"isPartOf\":{\"@id\":\"https:\\\/\\\/www.raphaeldantz.com\\\/en\\\/#website\"},\"primaryImageOfPage\":{\"@id\":\"https:\\\/\\\/www.raphaeldantz.com\\\/en\\\/product\\\/boucle-doreille-jeanne\\\/#primaryimage\"},\"image\":{\"@id\":\"https:\\\/\\\/www.raphaeldantz.com\\\/en\\\/product\\\/boucle-doreille-jeanne\\\/#primaryimage\"},\"thumbnailUrl\":\"https:\\\/\\\/static.raphaeldantz.com\\\/wp-content\\\/uploads\\\/2022\\\/08\\\/EAKAN_Boucle_JEANNE_-or-blanc-diamants-930.jpg\",\"datePublished\":\"2022-08-01T13:58:18+00:00\",\"dateModified\":\"2025-04-25T12:49:41+00:00\",\"breadcrumb\":{\"@id\":\"https:\\\/\\\/www.raphaeldantz.com\\\/en\\\/product\\\/boucle-doreille-jeanne\\\/#breadcrumb\"},\"inLanguage\":\"en-US\",\"potentialAction\":[{\"@type\":\"ReadAction\",\"target\":[\"https:\\\/\\\/www.raphaeldantz.com\\\/en\\\/product\\\/boucle-doreille-jeanne\\\/\"]}]},{\"@type\":\"ImageObject\",\"inLanguage\":\"en-US\",\"@id\":\"https:\\\/\\\/www.raphaeldantz.com\\\/en\\\/product\\\/boucle-doreille-jeanne\\\/#primaryimage\",\"url\":\"https:\\\/\\\/static.raphaeldantz.com\\\/wp-content\\\/uploads\\\/2022\\\/08\\\/EAKAN_Boucle_JEANNE_-or-blanc-diamants-930.jpg\",\"contentUrl\":\"https:\\\/\\\/static.raphaeldantz.com\\\/wp-content\\\/uploads\\\/2022\\\/08\\\/EAKAN_Boucle_JEANNE_-or-blanc-diamants-930.jpg\",\"width\":930,\"height\":1200},{\"@type\":\"BreadcrumbList\",\"@id\":\"https:\\\/\\\/www.raphaeldantz.com\\\/en\\\/product\\\/boucle-doreille-jeanne\\\/#breadcrumb\",\"itemListElement\":[{\"@type\":\"ListItem\",\"position\":1,\"name\":\"Home\",\"item\":\"https:\\\/\\\/www.raphaeldantz.com\\\/en\\\/\"},{\"@type\":\"ListItem\",\"position\":2,\"name\":\"E-Shop\",\"item\":\"https:\\\/\\\/www.raphaeldantz.comen\\\/shop\\\/\"},{\"@type\":\"ListItem\",\"position\":3,\"name\":\"Single Earring Jeanne\"}]},{\"@type\":\"WebSite\",\"@id\":\"https:\\\/\\\/www.raphaeldantz.com\\\/en\\\/#website\",\"url\":\"https:\\\/\\\/www.raphaeldantz.com\\\/en\\\/\",\"name\":\"Raphael Dantz\",\"description\":\"Artisan Jeweller Creator\",\"publisher\":{\"@id\":\"https:\\\/\\\/www.raphaeldantz.com\\\/en\\\/#organization\"},\"potentialAction\":[{\"@type\":\"SearchAction\",\"target\":{\"@type\":\"EntryPoint\",\"urlTemplate\":\"https:\\\/\\\/www.raphaeldantz.com\\\/en\\\/?s={search_term_string}\"},\"query-input\":{\"@type\":\"PropertyValueSpecification\",\"valueRequired\":true,\"valueName\":\"search_term_string\"}}],\"inLanguage\":\"en-US\"},{\"@type\":\"Organization\",\"@id\":\"https:\\\/\\\/www.raphaeldantz.com\\\/en\\\/#organization\",\"name\":\"Raphael Dantz\",\"url\":\"https:\\\/\\\/www.raphaeldantz.com\\\/en\\\/\",\"logo\":{\"@type\":\"ImageObject\",\"inLanguage\":\"en-US\",\"@id\":\"https:\\\/\\\/www.raphaeldantz.com\\\/en\\\/#\\\/schema\\\/logo\\\/image\\\/\",\"url\":\"https:\\\/\\\/static.raphaeldantz.com\\\/wp-content\\\/uploads\\\/2023\\\/02\\\/raphael-datnz-logo.png\",\"contentUrl\":\"https:\\\/\\\/static.raphaeldantz.com\\\/wp-content\\\/uploads\\\/2023\\\/02\\\/raphael-datnz-logo.png\",\"width\":1000,\"height\":1000,\"caption\":\"Raphael Dantz\"},\"image\":{\"@id\":\"https:\\\/\\\/www.raphaeldantz.com\\\/en\\\/#\\\/schema\\\/logo\\\/image\\\/\"},\"sameAs\":[\"https:\\\/\\\/www.instagram.com\\\/raphaeldantzjoaillerie\\\/\"]}]}<\/script>\n<!-- \/ Yoast SEO plugin. -->","yoast_head_json":{"title":"Single Earring Jeanne &#8212; Raphael Dantz","robots":{"index":"index","follow":"follow","max-snippet":"max-snippet:-1","max-image-preview":"max-image-preview:large","max-video-preview":"max-video-preview:-1"},"canonical":"https:\/\/www.raphaeldantz.com\/en\/product\/boucle-doreille-jeanne\/","og_locale":"en_US","og_type":"article","og_title":"Single Earring Jeanne &#8212; Raphael Dantz","og_description":"Nouveaut\u00e9 de la collection, Le mini solitaire Jeanne saura habiller votre oreille avec d\u00e9licatesse. Cette boucle d'oreille unique, en or blanc 18k pav\u00e9e de diamants sur un c\u00f4t\u00e9 est le bijou essentiel \u00e0 personnaliser pour le rendre unique.  Fabriqu\u00e9 \u00e0 la main dans notre atelier de Cannes  &nbsp;","og_url":"https:\/\/www.raphaeldantz.com\/en\/product\/boucle-doreille-jeanne\/","og_site_name":"Raphael Dantz","article_modified_time":"2025-04-25T12:49:41+00:00","og_image":[{"width":930,"height":1200,"url":"https:\/\/static.raphaeldantz.com\/wp-content\/uploads\/2022\/08\/EAKAN_Boucle_JEANNE_-or-blanc-diamants-930.jpg","type":"image\/jpeg"}],"twitter_card":"summary_large_image","schema":{"@context":"https:\/\/schema.org","@graph":[{"@type":"WebPage","@id":"https:\/\/www.raphaeldantz.com\/en\/product\/boucle-doreille-jeanne\/","url":"https:\/\/www.raphaeldantz.com\/en\/product\/boucle-doreille-jeanne\/","name":"Single Earring Jeanne &#8212; Raphael Dantz","isPartOf":{"@id":"https:\/\/www.raphaeldantz.com\/en\/#website"},"primaryImageOfPage":{"@id":"https:\/\/www.raphaeldantz.com\/en\/product\/boucle-doreille-jeanne\/#primaryimage"},"image":{"@id":"https:\/\/www.raphaeldantz.com\/en\/product\/boucle-doreille-jeanne\/#primaryimage"},"thumbnailUrl":"https:\/\/static.raphaeldantz.com\/wp-content\/uploads\/2022\/08\/EAKAN_Boucle_JEANNE_-or-blanc-diamants-930.jpg","datePublished":"2022-08-01T13:58:18+00:00","dateModified":"2025-04-25T12:49:41+00:00","breadcrumb":{"@id":"https:\/\/www.raphaeldantz.com\/en\/product\/boucle-doreille-jeanne\/#breadcrumb"},"inLanguage":"en-US","potentialAction":[{"@type":"ReadAction","target":["https:\/\/www.raphaeldantz.com\/en\/product\/boucle-doreille-jeanne\/"]}]},{"@type":"ImageObject","inLanguage":"en-US","@id":"https:\/\/www.raphaeldantz.com\/en\/product\/boucle-doreille-jeanne\/#primaryimage","url":"https:\/\/static.raphaeldantz.com\/wp-content\/uploads\/2022\/08\/EAKAN_Boucle_JEANNE_-or-blanc-diamants-930.jpg","contentUrl":"https:\/\/static.raphaeldantz.com\/wp-content\/uploads\/2022\/08\/EAKAN_Boucle_JEANNE_-or-blanc-diamants-930.jpg","width":930,"height":1200},{"@type":"BreadcrumbList","@id":"https:\/\/www.raphaeldantz.com\/en\/product\/boucle-doreille-jeanne\/#breadcrumb","itemListElement":[{"@type":"ListItem","position":1,"name":"Home","item":"https:\/\/www.raphaeldantz.com\/en\/"},{"@type":"ListItem","position":2,"name":"E-Shop","item":"https:\/\/www.raphaeldantz.comen\/shop\/"},{"@type":"ListItem","position":3,"name":"Single Earring Jeanne"}]},{"@type":"WebSite","@id":"https:\/\/www.raphaeldantz.com\/en\/#website","url":"https:\/\/www.raphaeldantz.com\/en\/","name":"Raphael Dantz","description":"Artisan Jeweller Creator","publisher":{"@id":"https:\/\/www.raphaeldantz.com\/en\/#organization"},"potentialAction":[{"@type":"SearchAction","target":{"@type":"EntryPoint","urlTemplate":"https:\/\/www.raphaeldantz.com\/en\/?s={search_term_string}"},"query-input":{"@type":"PropertyValueSpecification","valueRequired":true,"valueName":"search_term_string"}}],"inLanguage":"en-US"},{"@type":"Organization","@id":"https:\/\/www.raphaeldantz.com\/en\/#organization","name":"Raphael Dantz","url":"https:\/\/www.raphaeldantz.com\/en\/","logo":{"@type":"ImageObject","inLanguage":"en-US","@id":"https:\/\/www.raphaeldantz.com\/en\/#\/schema\/logo\/image\/","url":"https:\/\/static.raphaeldantz.com\/wp-content\/uploads\/2023\/02\/raphael-datnz-logo.png","contentUrl":"https:\/\/static.raphaeldantz.com\/wp-content\/uploads\/2023\/02\/raphael-datnz-logo.png","width":1000,"height":1000,"caption":"Raphael Dantz"},"image":{"@id":"https:\/\/www.raphaeldantz.com\/en\/#\/schema\/logo\/image\/"},"sameAs":["https:\/\/www.instagram.com\/raphaeldantzjoaillerie\/"]}]}},"_links":{"self":[{"href":"https:\/\/www.raphaeldantz.com\/en\/wp-json\/wp\/v2\/product\/2449","targetHints":{"allow":["GET"]}}],"collection":[{"href":"https:\/\/www.raphaeldantz.com\/en\/wp-json\/wp\/v2\/product"}],"about":[{"href":"https:\/\/www.raphaeldantz.com\/en\/wp-json\/wp\/v2\/types\/product"}],"wp:featuredmedia":[{"embeddable":true,"href":"https:\/\/www.raphaeldantz.com\/en\/wp-json\/wp\/v2\/media\/2443"}],"wp:attachment":[{"href":"https:\/\/www.raphaeldantz.com\/en\/wp-json\/wp\/v2\/media?parent=2449"}],"wp:term":[{"taxonomy":"product_brand","embeddable":true,"href":"https:\/\/www.raphaeldantz.com\/en\/wp-json\/wp\/v2\/product_brand?post=2449"},{"taxonomy":"product_cat","embeddable":true,"href":"https:\/\/www.raphaeldantz.com\/en\/wp-json\/wp\/v2\/product_cat?post=2449"},{"taxonomy":"product_tag","embeddable":true,"href":"https:\/\/www.raphaeldantz.com\/en\/wp-json\/wp\/v2\/product_tag?post=2449"}],"curies":[{"name":"wp","href":"https:\/\/api.w.org\/{rel}","templated":true}]}}